{"id":6470,"date":"2022-12-08T09:12:12","date_gmt":"2022-12-08T09:12:12","guid":{"rendered":"http:\/\/www.smokehouses.eu\/fumoir-de-jardin-small-smoker-3\/"},"modified":"2023-03-13T10:02:18","modified_gmt":"2023-03-13T10:02:18","slug":"fumoir-de-jardin-small-smoker-3","status":"publish","type":"product","link":"https:\/\/www.smokehouses.eu\/fr\/fumoir-de-jardin-small-smoker-3\/","title":{"rendered":"Fumoir de jardin Small Smoker 3"},"content":{"rendered":"<p><b>\u00c9quipement:<\/b><\/p>\n<ul>\n<li>capteur de temp\u00e9rature dans le fumoir<\/li>\n<li>affichage num\u00e9rique de la temp\u00e9rature de consigne et r\u00e9elle dans le fumoir<\/li>\n<li>capteur de temp\u00e9rature \u00e0 aiguille dans le produit<\/li>\n<li>affichage num\u00e9rique de la temp\u00e9rature dans le produit<\/li>\n<li>compresseur<\/li>\n<li>r\u00e9gulateur de densit\u00e9 de fum\u00e9e<\/li>\n<li>chauffage 2800W<\/li>\n<li>couvercle de radiateur perfor\u00e9<\/li>\n<li>g\u00e9n\u00e9rateur de vapeur avec r\u00e9chauffeur 2000 W \/ 230 V<\/li>\n<li>g\u00e9n\u00e9rateur de fum\u00e9e pour fumer \u00e0 froid et \u00e0 chaud avec :<br \/>\n&#8211; grille<br \/>\n\u2013 cendrier<\/li>\n<li>chemin\u00e9e avec un registre et un toit d&#8217;un diam\u00e8tre de 100 mm<\/li>\n<li>deux registres d&#8217;air frais<\/li>\n<li>vidange au sol avec tuyau de descente et vanne \u00e0 boisseau sph\u00e9rique<\/li>\n<li>porte en verre tremp\u00e9<\/li>\n<li>joints de porte en silicone<\/li>\n<\/ul>\n","protected":false},"excerpt":{"rendered":"<p><strong>Dimensions ext\u00e9rieures:<\/strong><\/p>\n<ul>\n<li>largeur (devant) 74 cm<\/li>\n<li>profondeur (c\u00f4t\u00e9) 77 cm<\/li>\n<li>hauteur 98 cm<\/li>\n<li>hauteur avec cadre 150 cm<\/li>\n<\/ul>\n<p><strong>Dimensions int\u00e9rieures &#8211; espace de travail :<\/strong><\/p>\n<ul>\n<li>largeur (passage de porte) 53 cm<\/li>\n<li>profondeur 45cm<\/li>\n<li>hauteur (passage de porte) 35 cm<\/li>\n<\/ul>\n<p><strong>Nombre d&#8217;\u00e9tag\u00e8res sur le chariot :<\/strong> 2 pi\u00e8ces<\/p>\n<p><strong>Capacit\u00e9 en litres :<\/strong> 80 l<\/p>\n<p><strong>Capacit\u00e9 en kilogrammes :<\/strong> 10 kg<\/p>\n<p><strong>Syst\u00e8me de fumage :<\/strong> avec fum\u00e9e<\/p>\n<p><strong>Pouvoir:<\/strong><\/p>\n<ul>\n<li>tension 230V<\/li>\n<li>puissance de chauffe 2800W<\/li>\n<li>puissance totale install\u00e9e 3000W<\/li>\n<li>puissance totale install\u00e9e 5000W<\/li>\n<\/ul>\n<p><strong>Mat\u00e9riel :<\/strong> acier inoxydable r\u00e9sistant aux acides<\/p>\n<p><strong>Fonctions disponibles :<\/strong><\/p>\n<ul>\n<li>s\u00e9chage<\/li>\n<li>fumer \u00e0 froid<\/li>\n<li>fumer \u00e0 chaud<\/li>\n<li>fumer \u00e0 la vapeur<\/li>\n<li>brasser<\/li>\n<li>cuisson jusqu&#8217;\u00e0 100 degr\u00e9s C.<\/li>\n<li>pasteurisation \u00e0 air chaud<\/li>\n<li>pasteurisation \u00e0 la vapeur<\/li>\n<li>lavage de mains<\/li>\n<\/ul>\n<p><strong>Contr\u00f4le<\/strong> manuel<\/p>\n","protected":false},"featured_media":6543,"template":"","meta":[],"product_brand":[],"product_cat":[42,43],"product_tag":[],"class_list":{"0":"post-6470","1":"product","2":"type-product","3":"status-publish","4":"has-post-thumbnail","6":"product_cat-fumoir-gastronomiques","7":"product_cat-fumoirs-de-jardin","9":"first","10":"instock","11":"taxable","12":"shipping-taxable","13":"product-type-simple"},"yoast_head":"<!-- This site is optimized with the Yoast SEO plugin v26.1.1 - https:\/\/yoast.com\/wordpress\/plugins\/seo\/ -->\n<title>Fumoir de jardin Small Smoker 3 - GROS JERZY GROBAREK<\/title>\n<meta name=\"description\" content=\"\u00cates-vous un amateur de tabac? Vous cherchez un fumoir de jardin pour produire vos propres produits ? D\u00e9couvrez notre mod\u00e8le Small Smoker 3\" \/>\n<meta name=\"robots\" content=\"index, follow, max-snippet:-1, max-image-preview:large, max-video-preview:-1\" \/>\n<link rel=\"canonical\" href=\"https:\/\/www.smokehouses.eu\/fr\/fumoir-de-jardin-small-smoker-3\/\" \/>\n<meta property=\"og:locale\" content=\"fr_FR\" \/>\n<meta property=\"og:type\" content=\"article\" \/>\n<meta property=\"og:title\" content=\"Fumoir de jardin Small Smoker 3 - GROS JERZY GROBAREK\" \/>\n<meta property=\"og:description\" content=\"\u00cates-vous un amateur de tabac? Vous cherchez un fumoir de jardin pour produire vos propres produits ? D\u00e9couvrez notre mod\u00e8le Small Smoker 3\" \/>\n<meta property=\"og:url\" content=\"https:\/\/www.smokehouses.eu\/fr\/fumoir-de-jardin-small-smoker-3\/\" \/>\n<meta property=\"og:site_name\" content=\"GROS JERZY GROBAREK\" \/>\n<meta property=\"article:modified_time\" content=\"2023-03-13T10:02:18+00:00\" \/>\n<meta property=\"og:image\" content=\"https:\/\/www.smokehouses.eu\/wp-content\/uploads\/2022\/12\/wedzarnia-ogrodowa-small-smoker-3-3.png\" \/>\n\t<meta property=\"og:image:width\" content=\"600\" \/>\n\t<meta property=\"og:image:height\" content=\"600\" \/>\n\t<meta property=\"og:image:type\" content=\"image\/png\" \/>\n<meta name=\"twitter:card\" content=\"summary_large_image\" \/>\n<meta name=\"twitter:label1\" content=\"Dur\u00e9e de lecture estim\u00e9e\" \/>\n\t<meta name=\"twitter:data1\" content=\"1 minute\" \/>\n<script type=\"application\/ld+json\" class=\"yoast-schema-graph\">{\"@context\":\"https:\/\/schema.org\",\"@graph\":[{\"@type\":\"WebPage\",\"@id\":\"https:\/\/www.smokehouses.eu\/fr\/fumoir-de-jardin-small-smoker-3\/\",\"url\":\"https:\/\/www.smokehouses.eu\/fr\/fumoir-de-jardin-small-smoker-3\/\",\"name\":\"Fumoir de jardin Small Smoker 3 - GROS JERZY GROBAREK\",\"isPartOf\":{\"@id\":\"https:\/\/www.smokehouses.eu\/fr\/#website\"},\"primaryImageOfPage\":{\"@id\":\"https:\/\/www.smokehouses.eu\/fr\/fumoir-de-jardin-small-smoker-3\/#primaryimage\"},\"image\":{\"@id\":\"https:\/\/www.smokehouses.eu\/fr\/fumoir-de-jardin-small-smoker-3\/#primaryimage\"},\"thumbnailUrl\":\"https:\/\/www.smokehouses.eu\/wp-content\/uploads\/2022\/12\/wedzarnia-ogrodowa-small-smoker-3-3.png\",\"datePublished\":\"2022-12-08T09:12:12+00:00\",\"dateModified\":\"2023-03-13T10:02:18+00:00\",\"description\":\"\u00cates-vous un amateur de tabac? Vous cherchez un fumoir de jardin pour produire vos propres produits ? D\u00e9couvrez notre mod\u00e8le Small Smoker 3\",\"breadcrumb\":{\"@id\":\"https:\/\/www.smokehouses.eu\/fr\/fumoir-de-jardin-small-smoker-3\/#breadcrumb\"},\"inLanguage\":\"fr-FR\",\"potentialAction\":[{\"@type\":\"ReadAction\",\"target\":[\"https:\/\/www.smokehouses.eu\/fr\/fumoir-de-jardin-small-smoker-3\/\"]}]},{\"@type\":\"ImageObject\",\"inLanguage\":\"fr-FR\",\"@id\":\"https:\/\/www.smokehouses.eu\/fr\/fumoir-de-jardin-small-smoker-3\/#primaryimage\",\"url\":\"https:\/\/www.smokehouses.eu\/wp-content\/uploads\/2022\/12\/wedzarnia-ogrodowa-small-smoker-3-3.png\",\"contentUrl\":\"https:\/\/www.smokehouses.eu\/wp-content\/uploads\/2022\/12\/wedzarnia-ogrodowa-small-smoker-3-3.png\",\"width\":600,\"height\":600,\"caption\":\"w\u0119dzarnia ogrodowa small smoker 3\"},{\"@type\":\"BreadcrumbList\",\"@id\":\"https:\/\/www.smokehouses.eu\/fr\/fumoir-de-jardin-small-smoker-3\/#breadcrumb\",\"itemListElement\":[{\"@type\":\"ListItem\",\"position\":1,\"name\":\"Strona g\u0142\u00f3wna\",\"item\":\"https:\/\/www.smokehouses.eu\/fr\/\"},{\"@type\":\"ListItem\",\"position\":2,\"name\":\"Boutique\",\"item\":\"https:\/\/www.smokehouses.eu\/fr\/?page_id=6449\"},{\"@type\":\"ListItem\",\"position\":3,\"name\":\"Fumoir de jardin Small Smoker 3\"}]},{\"@type\":\"WebSite\",\"@id\":\"https:\/\/www.smokehouses.eu\/fr\/#website\",\"url\":\"https:\/\/www.smokehouses.eu\/fr\/\",\"name\":\"W\u0119dzarnie elektryczne - GROS Jerzy Grobarek\",\"description\":\"Maszyny masarnicze, Piece, W\u0119dzarnie\",\"publisher\":{\"@id\":\"https:\/\/www.smokehouses.eu\/fr\/#organization\"},\"potentialAction\":[{\"@type\":\"SearchAction\",\"target\":{\"@type\":\"EntryPoint\",\"urlTemplate\":\"https:\/\/www.smokehouses.eu\/fr\/?s={search_term_string}\"},\"query-input\":{\"@type\":\"PropertyValueSpecification\",\"valueRequired\":true,\"valueName\":\"search_term_string\"}}],\"inLanguage\":\"fr-FR\"},{\"@type\":\"Organization\",\"@id\":\"https:\/\/www.smokehouses.eu\/fr\/#organization\",\"name\":\"W\u0119dzarnie elektryczne - GROS Jerzy Grobarek\",\"url\":\"https:\/\/www.smokehouses.eu\/fr\/\",\"logo\":{\"@type\":\"ImageObject\",\"inLanguage\":\"fr-FR\",\"@id\":\"https:\/\/www.smokehouses.eu\/fr\/#\/schema\/logo\/image\/\",\"url\":\"https:\/\/www.smokehouses.eu\/wp-content\/uploads\/2018\/07\/logo.png\",\"contentUrl\":\"https:\/\/www.smokehouses.eu\/wp-content\/uploads\/2018\/07\/logo.png\",\"width\":166,\"height\":70,\"caption\":\"W\u0119dzarnie elektryczne - GROS Jerzy Grobarek\"},\"image\":{\"@id\":\"https:\/\/www.smokehouses.eu\/fr\/#\/schema\/logo\/image\/\"}}]}<\/script>\n<!-- \/ Yoast SEO plugin. -->","yoast_head_json":{"title":"Fumoir de jardin Small Smoker 3 - GROS JERZY GROBAREK","description":"\u00cates-vous un amateur de tabac? Vous cherchez un fumoir de jardin pour produire vos propres produits ? D\u00e9couvrez notre mod\u00e8le Small Smoker 3","robots":{"index":"index","follow":"follow","max-snippet":"max-snippet:-1","max-image-preview":"max-image-preview:large","max-video-preview":"max-video-preview:-1"},"canonical":"https:\/\/www.smokehouses.eu\/fr\/fumoir-de-jardin-small-smoker-3\/","og_locale":"fr_FR","og_type":"article","og_title":"Fumoir de jardin Small Smoker 3 - GROS JERZY GROBAREK","og_description":"\u00cates-vous un amateur de tabac? Vous cherchez un fumoir de jardin pour produire vos propres produits ? D\u00e9couvrez notre mod\u00e8le Small Smoker 3","og_url":"https:\/\/www.smokehouses.eu\/fr\/fumoir-de-jardin-small-smoker-3\/","og_site_name":"GROS JERZY GROBAREK","article_modified_time":"2023-03-13T10:02:18+00:00","og_image":[{"width":600,"height":600,"url":"https:\/\/www.smokehouses.eu\/wp-content\/uploads\/2022\/12\/wedzarnia-ogrodowa-small-smoker-3-3.png","type":"image\/png"}],"twitter_card":"summary_large_image","twitter_misc":{"Dur\u00e9e de lecture estim\u00e9e":"1 minute"},"schema":{"@context":"https:\/\/schema.org","@graph":[{"@type":"WebPage","@id":"https:\/\/www.smokehouses.eu\/fr\/fumoir-de-jardin-small-smoker-3\/","url":"https:\/\/www.smokehouses.eu\/fr\/fumoir-de-jardin-small-smoker-3\/","name":"Fumoir de jardin Small Smoker 3 - GROS JERZY GROBAREK","isPartOf":{"@id":"https:\/\/www.smokehouses.eu\/fr\/#website"},"primaryImageOfPage":{"@id":"https:\/\/www.smokehouses.eu\/fr\/fumoir-de-jardin-small-smoker-3\/#primaryimage"},"image":{"@id":"https:\/\/www.smokehouses.eu\/fr\/fumoir-de-jardin-small-smoker-3\/#primaryimage"},"thumbnailUrl":"https:\/\/www.smokehouses.eu\/wp-content\/uploads\/2022\/12\/wedzarnia-ogrodowa-small-smoker-3-3.png","datePublished":"2022-12-08T09:12:12+00:00","dateModified":"2023-03-13T10:02:18+00:00","description":"\u00cates-vous un amateur de tabac? Vous cherchez un fumoir de jardin pour produire vos propres produits ? D\u00e9couvrez notre mod\u00e8le Small Smoker 3","breadcrumb":{"@id":"https:\/\/www.smokehouses.eu\/fr\/fumoir-de-jardin-small-smoker-3\/#breadcrumb"},"inLanguage":"fr-FR","potentialAction":[{"@type":"ReadAction","target":["https:\/\/www.smokehouses.eu\/fr\/fumoir-de-jardin-small-smoker-3\/"]}]},{"@type":"ImageObject","inLanguage":"fr-FR","@id":"https:\/\/www.smokehouses.eu\/fr\/fumoir-de-jardin-small-smoker-3\/#primaryimage","url":"https:\/\/www.smokehouses.eu\/wp-content\/uploads\/2022\/12\/wedzarnia-ogrodowa-small-smoker-3-3.png","contentUrl":"https:\/\/www.smokehouses.eu\/wp-content\/uploads\/2022\/12\/wedzarnia-ogrodowa-small-smoker-3-3.png","width":600,"height":600,"caption":"w\u0119dzarnia ogrodowa small smoker 3"},{"@type":"BreadcrumbList","@id":"https:\/\/www.smokehouses.eu\/fr\/fumoir-de-jardin-small-smoker-3\/#breadcrumb","itemListElement":[{"@type":"ListItem","position":1,"name":"Strona g\u0142\u00f3wna","item":"https:\/\/www.smokehouses.eu\/fr\/"},{"@type":"ListItem","position":2,"name":"Boutique","item":"https:\/\/www.smokehouses.eu\/fr\/?page_id=6449"},{"@type":"ListItem","position":3,"name":"Fumoir de jardin Small Smoker 3"}]},{"@type":"WebSite","@id":"https:\/\/www.smokehouses.eu\/fr\/#website","url":"https:\/\/www.smokehouses.eu\/fr\/","name":"W\u0119dzarnie elektryczne - GROS Jerzy Grobarek","description":"Maszyny masarnicze, Piece, W\u0119dzarnie","publisher":{"@id":"https:\/\/www.smokehouses.eu\/fr\/#organization"},"potentialAction":[{"@type":"SearchAction","target":{"@type":"EntryPoint","urlTemplate":"https:\/\/www.smokehouses.eu\/fr\/?s={search_term_string}"},"query-input":{"@type":"PropertyValueSpecification","valueRequired":true,"valueName":"search_term_string"}}],"inLanguage":"fr-FR"},{"@type":"Organization","@id":"https:\/\/www.smokehouses.eu\/fr\/#organization","name":"W\u0119dzarnie elektryczne - GROS Jerzy Grobarek","url":"https:\/\/www.smokehouses.eu\/fr\/","logo":{"@type":"ImageObject","inLanguage":"fr-FR","@id":"https:\/\/www.smokehouses.eu\/fr\/#\/schema\/logo\/image\/","url":"https:\/\/www.smokehouses.eu\/wp-content\/uploads\/2018\/07\/logo.png","contentUrl":"https:\/\/www.smokehouses.eu\/wp-content\/uploads\/2018\/07\/logo.png","width":166,"height":70,"caption":"W\u0119dzarnie elektryczne - GROS Jerzy Grobarek"},"image":{"@id":"https:\/\/www.smokehouses.eu\/fr\/#\/schema\/logo\/image\/"}}]}},"_links":{"self":[{"href":"https:\/\/www.smokehouses.eu\/fr\/wp-json\/wp\/v2\/product\/6470","targetHints":{"allow":["GET"]}}],"collection":[{"href":"https:\/\/www.smokehouses.eu\/fr\/wp-json\/wp\/v2\/product"}],"about":[{"href":"https:\/\/www.smokehouses.eu\/fr\/wp-json\/wp\/v2\/types\/product"}],"wp:featuredmedia":[{"embeddable":true,"href":"https:\/\/www.smokehouses.eu\/fr\/wp-json\/wp\/v2\/media\/6543"}],"wp:attachment":[{"href":"https:\/\/www.smokehouses.eu\/fr\/wp-json\/wp\/v2\/media?parent=6470"}],"wp:term":[{"taxonomy":"product_brand","embeddable":true,"href":"https:\/\/www.smokehouses.eu\/fr\/wp-json\/wp\/v2\/product_brand?post=6470"},{"taxonomy":"product_cat","embeddable":true,"href":"https:\/\/www.smokehouses.eu\/fr\/wp-json\/wp\/v2\/product_cat?post=6470"},{"taxonomy":"product_tag","embeddable":true,"href":"https:\/\/www.smokehouses.eu\/fr\/wp-json\/wp\/v2\/product_tag?post=6470"}],"curies":[{"name":"wp","href":"https:\/\/api.w.org\/{rel}","templated":true}]}}