{"id":6468,"date":"2022-08-10T11:09:41","date_gmt":"2022-08-10T11:09:41","guid":{"rendered":"http:\/\/www.smokehouses.eu\/fumoir-de-magasin-mv50\/"},"modified":"2024-04-26T11:45:46","modified_gmt":"2024-04-26T11:45:46","slug":"fumoir-de-magasin-mv50","status":"publish","type":"product","link":"https:\/\/www.smokehouses.eu\/fr\/fumoir-de-magasin-mv50\/","title":{"rendered":"MV50 &#8211; fumoir de magasin"},"content":{"rendered":"<h2 style=\"font-size: 21px;\">\u00c9quipement:<\/h2>\n<ul>\n<li>contr\u00f4leur programmable avec 39 m\u00e9moires de programme<\/li>\n<li>capteur de temp\u00e9rature dans le fumoir<\/li>\n<li>capteur de temp\u00e9rature \u00e0 aiguille dans le produit<\/li>\n<li>thermocouple \u00e0 trois voies<\/li>\n<li>6 radiateurs de 2400 W \/ 230 V<\/li>\n<li>g\u00e9n\u00e9rateur de vapeur de pulv\u00e9risation<\/li>\n<li>r\u00e9gulateur d&#8217;humidification pendant l&#8217;infusion<\/li>\n<li>g\u00e9n\u00e9rateur de fum\u00e9e pour fumer \u00e0 froid et \u00e0 chaud avec :<br \/>\n\u2013 r\u00e9chauffeur pour initier la lueur 600 W \/ 230 V<br \/>\n&#8211; grille<br \/>\n&#8211; cendrier<\/li>\n<li>syst\u00e8me de fumage \u00e0 fum\u00e9e hydrat\u00e9e &#8211; en option<\/li>\n<li>compresseur<\/li>\n<li>r\u00e9gulateur de densit\u00e9 de fum\u00e9e<\/li>\n<li>registre de chemin\u00e9e aliment\u00e9 par un servomoteur d&#8217;un diam\u00e8tre de 130 mm<\/li>\n<li>volet d&#8217;air neuf aliment\u00e9 par un servomoteur d&#8217;un diam\u00e8tre de 100 mm<\/li>\n<li>vidange depuis le sol avec une \u00e9lectrovanne de vidange<\/li>\n<li>syst\u00e8me de lavage des injecteurs<\/li>\n<li>syst\u00e8me de refroidissement par eau de pulv\u00e9risation &#8211; 2 buses<\/li>\n<li>porte avec verre de s\u00e9curit\u00e9<\/li>\n<li>joints de porte en silicone<\/li>\n<li>isolation thermique des murs d&#8217;une \u00e9paisseur de 40 mm<\/li>\n<\/ul>\n","protected":false},"excerpt":{"rendered":"<p><strong>Dimensions ext\u00e9rieures:<\/strong><\/p>\n<ul>\n<li>largeur (devant) 120 cm<\/li>\n<li>profondeur (c\u00f4t\u00e9) 95 cm<\/li>\n<li>hauteur (y compris la chemin\u00e9e) 225 cm<\/li>\n<\/ul>\n<p><strong>Dimensions du chariot de fumage<\/strong><\/p>\n<ul>\n<li>largeur (passage de porte) 70 cm<\/li>\n<li>profondeur 70 cm<\/li>\n<li>hauteur (encombrement de la porte) 86 cm<\/li>\n<\/ul>\n<p><strong>Nombre d&#8217;\u00e9tag\u00e8res sur le chariot<\/strong> : 6 pi\u00e8ces<\/p>\n<p><strong>Capacit\u00e9 en litres :<\/strong> 500<\/p>\n<p><strong>Capacit\u00e9 en kilogrammes :<\/strong> 50<\/p>\n<p><strong>Syst\u00e8me de fumage :<\/strong> fum\u00e9e ou fum\u00e9e hydrat\u00e9e<\/p>\n<p><strong>Pouvoir:<\/strong><\/p>\n<ul>\n<li>tension 400V<\/li>\n<li>puissance de chauffage 15 kW<\/li>\n<li>puissance totale install\u00e9e 18 kW<\/li>\n<\/ul>\n<p><strong>Mat\u00e9riel :<\/strong> acier inoxydable r\u00e9sistant aux acides<\/p>\n<p><strong>Fonctions disponibles :<\/strong><\/p>\n<ul>\n<li>s\u00e9chage<\/li>\n<li>fumer \u00e0 froid<\/li>\n<li>fumer \u00e0 chaud<\/li>\n<li>fumer \u00e0 la vapeur<\/li>\n<li>fumer avec de la fum\u00e9e hydrat\u00e9e &#8211; facultatif<\/li>\n<li>brasser<\/li>\n<li>cuisson jusqu&#8217;\u00e0 200 degr\u00e9s C.<\/li>\n<li>pasteurisation \u00e0 air chaud<\/li>\n<li>pasteurisation \u00e0 la vapeur<\/li>\n<li>refroidissement par eau de pulv\u00e9risation &#8211; 2 buses<\/li>\n<li>lavage automatique des injecteurs<\/li>\n<\/ul>\n<p><strong>Contr\u00f4le<\/strong> informatique<\/p>\n","protected":false},"featured_media":6421,"template":"","meta":[],"product_brand":[],"product_cat":[44],"product_tag":[],"class_list":{"0":"post-6468","1":"product","2":"type-product","3":"status-publish","4":"has-post-thumbnail","6":"product_cat-fumoirs-de-magasin","8":"first","9":"instock","10":"taxable","11":"shipping-taxable","12":"product-type-simple"},"yoast_head":"<!-- This site is optimized with the Yoast SEO plugin v26.1.1 - https:\/\/yoast.com\/wordpress\/plugins\/seo\/ -->\n<title>MV50 - fumoir de magasin - GROS JERZY GROBAREK<\/title>\n<meta name=\"description\" content=\"Vous vendez des produits fum\u00e9s? Avez-vous besoin d&#039;un fumoir \u00e0 utiliser dans votre magasin ou votre supermarch\u00e9 ? D\u00e9couvrez notre mod\u00e8le de fumoir MV50 ?\" \/>\n<meta name=\"robots\" content=\"index, follow, max-snippet:-1, max-image-preview:large, max-video-preview:-1\" \/>\n<link rel=\"canonical\" href=\"https:\/\/www.smokehouses.eu\/fr\/fumoir-de-magasin-mv50\/\" \/>\n<meta property=\"og:locale\" content=\"fr_FR\" \/>\n<meta property=\"og:type\" content=\"article\" \/>\n<meta property=\"og:title\" content=\"MV50 - fumoir de magasin - GROS JERZY GROBAREK\" \/>\n<meta property=\"og:description\" content=\"Vous vendez des produits fum\u00e9s? Avez-vous besoin d&#039;un fumoir \u00e0 utiliser dans votre magasin ou votre supermarch\u00e9 ? D\u00e9couvrez notre mod\u00e8le de fumoir MV50 ?\" \/>\n<meta property=\"og:url\" content=\"https:\/\/www.smokehouses.eu\/fr\/fumoir-de-magasin-mv50\/\" \/>\n<meta property=\"og:site_name\" content=\"GROS JERZY GROBAREK\" \/>\n<meta property=\"article:modified_time\" content=\"2024-04-26T11:45:46+00:00\" \/>\n<meta property=\"og:image\" content=\"https:\/\/www.smokehouses.eu\/wp-content\/uploads\/2022\/08\/wedzarnia-sklepowa-mv50-1.png\" \/>\n\t<meta property=\"og:image:width\" content=\"600\" \/>\n\t<meta property=\"og:image:height\" content=\"600\" \/>\n\t<meta property=\"og:image:type\" content=\"image\/png\" \/>\n<meta name=\"twitter:card\" content=\"summary_large_image\" \/>\n<meta name=\"twitter:label1\" content=\"Dur\u00e9e de lecture estim\u00e9e\" \/>\n\t<meta name=\"twitter:data1\" content=\"1 minute\" \/>\n<script type=\"application\/ld+json\" class=\"yoast-schema-graph\">{\"@context\":\"https:\/\/schema.org\",\"@graph\":[{\"@type\":\"WebPage\",\"@id\":\"https:\/\/www.smokehouses.eu\/fr\/fumoir-de-magasin-mv50\/\",\"url\":\"https:\/\/www.smokehouses.eu\/fr\/fumoir-de-magasin-mv50\/\",\"name\":\"MV50 - fumoir de magasin - GROS JERZY GROBAREK\",\"isPartOf\":{\"@id\":\"https:\/\/www.smokehouses.eu\/fr\/#website\"},\"primaryImageOfPage\":{\"@id\":\"https:\/\/www.smokehouses.eu\/fr\/fumoir-de-magasin-mv50\/#primaryimage\"},\"image\":{\"@id\":\"https:\/\/www.smokehouses.eu\/fr\/fumoir-de-magasin-mv50\/#primaryimage\"},\"thumbnailUrl\":\"https:\/\/www.smokehouses.eu\/wp-content\/uploads\/2022\/08\/wedzarnia-sklepowa-mv50-1.png\",\"datePublished\":\"2022-08-10T11:09:41+00:00\",\"dateModified\":\"2024-04-26T11:45:46+00:00\",\"description\":\"Vous vendez des produits fum\u00e9s? Avez-vous besoin d'un fumoir \u00e0 utiliser dans votre magasin ou votre supermarch\u00e9 ? D\u00e9couvrez notre mod\u00e8le de fumoir MV50 ?\",\"breadcrumb\":{\"@id\":\"https:\/\/www.smokehouses.eu\/fr\/fumoir-de-magasin-mv50\/#breadcrumb\"},\"inLanguage\":\"fr-FR\",\"potentialAction\":[{\"@type\":\"ReadAction\",\"target\":[\"https:\/\/www.smokehouses.eu\/fr\/fumoir-de-magasin-mv50\/\"]}]},{\"@type\":\"ImageObject\",\"inLanguage\":\"fr-FR\",\"@id\":\"https:\/\/www.smokehouses.eu\/fr\/fumoir-de-magasin-mv50\/#primaryimage\",\"url\":\"https:\/\/www.smokehouses.eu\/wp-content\/uploads\/2022\/08\/wedzarnia-sklepowa-mv50-1.png\",\"contentUrl\":\"https:\/\/www.smokehouses.eu\/wp-content\/uploads\/2022\/08\/wedzarnia-sklepowa-mv50-1.png\",\"width\":600,\"height\":600,\"caption\":\"wedzarnia sklepowa mv50\"},{\"@type\":\"BreadcrumbList\",\"@id\":\"https:\/\/www.smokehouses.eu\/fr\/fumoir-de-magasin-mv50\/#breadcrumb\",\"itemListElement\":[{\"@type\":\"ListItem\",\"position\":1,\"name\":\"Strona g\u0142\u00f3wna\",\"item\":\"https:\/\/www.smokehouses.eu\/fr\/\"},{\"@type\":\"ListItem\",\"position\":2,\"name\":\"Boutique\",\"item\":\"https:\/\/www.smokehouses.eu\/fr\/?page_id=6449\"},{\"@type\":\"ListItem\",\"position\":3,\"name\":\"MV50 &#8211; fumoir de magasin\"}]},{\"@type\":\"WebSite\",\"@id\":\"https:\/\/www.smokehouses.eu\/fr\/#website\",\"url\":\"https:\/\/www.smokehouses.eu\/fr\/\",\"name\":\"W\u0119dzarnie elektryczne - GROS Jerzy Grobarek\",\"description\":\"Maszyny masarnicze, Piece, W\u0119dzarnie\",\"publisher\":{\"@id\":\"https:\/\/www.smokehouses.eu\/fr\/#organization\"},\"potentialAction\":[{\"@type\":\"SearchAction\",\"target\":{\"@type\":\"EntryPoint\",\"urlTemplate\":\"https:\/\/www.smokehouses.eu\/fr\/?s={search_term_string}\"},\"query-input\":{\"@type\":\"PropertyValueSpecification\",\"valueRequired\":true,\"valueName\":\"search_term_string\"}}],\"inLanguage\":\"fr-FR\"},{\"@type\":\"Organization\",\"@id\":\"https:\/\/www.smokehouses.eu\/fr\/#organization\",\"name\":\"W\u0119dzarnie elektryczne - GROS Jerzy Grobarek\",\"url\":\"https:\/\/www.smokehouses.eu\/fr\/\",\"logo\":{\"@type\":\"ImageObject\",\"inLanguage\":\"fr-FR\",\"@id\":\"https:\/\/www.smokehouses.eu\/fr\/#\/schema\/logo\/image\/\",\"url\":\"https:\/\/www.smokehouses.eu\/wp-content\/uploads\/2018\/07\/logo.png\",\"contentUrl\":\"https:\/\/www.smokehouses.eu\/wp-content\/uploads\/2018\/07\/logo.png\",\"width\":166,\"height\":70,\"caption\":\"W\u0119dzarnie elektryczne - GROS Jerzy Grobarek\"},\"image\":{\"@id\":\"https:\/\/www.smokehouses.eu\/fr\/#\/schema\/logo\/image\/\"}}]}<\/script>\n<!-- \/ Yoast SEO plugin. -->","yoast_head_json":{"title":"MV50 - fumoir de magasin - GROS JERZY GROBAREK","description":"Vous vendez des produits fum\u00e9s? Avez-vous besoin d'un fumoir \u00e0 utiliser dans votre magasin ou votre supermarch\u00e9 ? D\u00e9couvrez notre mod\u00e8le de fumoir MV50 ?","robots":{"index":"index","follow":"follow","max-snippet":"max-snippet:-1","max-image-preview":"max-image-preview:large","max-video-preview":"max-video-preview:-1"},"canonical":"https:\/\/www.smokehouses.eu\/fr\/fumoir-de-magasin-mv50\/","og_locale":"fr_FR","og_type":"article","og_title":"MV50 - fumoir de magasin - GROS JERZY GROBAREK","og_description":"Vous vendez des produits fum\u00e9s? Avez-vous besoin d'un fumoir \u00e0 utiliser dans votre magasin ou votre supermarch\u00e9 ? D\u00e9couvrez notre mod\u00e8le de fumoir MV50 ?","og_url":"https:\/\/www.smokehouses.eu\/fr\/fumoir-de-magasin-mv50\/","og_site_name":"GROS JERZY GROBAREK","article_modified_time":"2024-04-26T11:45:46+00:00","og_image":[{"width":600,"height":600,"url":"https:\/\/www.smokehouses.eu\/wp-content\/uploads\/2022\/08\/wedzarnia-sklepowa-mv50-1.png","type":"image\/png"}],"twitter_card":"summary_large_image","twitter_misc":{"Dur\u00e9e de lecture estim\u00e9e":"1 minute"},"schema":{"@context":"https:\/\/schema.org","@graph":[{"@type":"WebPage","@id":"https:\/\/www.smokehouses.eu\/fr\/fumoir-de-magasin-mv50\/","url":"https:\/\/www.smokehouses.eu\/fr\/fumoir-de-magasin-mv50\/","name":"MV50 - fumoir de magasin - GROS JERZY GROBAREK","isPartOf":{"@id":"https:\/\/www.smokehouses.eu\/fr\/#website"},"primaryImageOfPage":{"@id":"https:\/\/www.smokehouses.eu\/fr\/fumoir-de-magasin-mv50\/#primaryimage"},"image":{"@id":"https:\/\/www.smokehouses.eu\/fr\/fumoir-de-magasin-mv50\/#primaryimage"},"thumbnailUrl":"https:\/\/www.smokehouses.eu\/wp-content\/uploads\/2022\/08\/wedzarnia-sklepowa-mv50-1.png","datePublished":"2022-08-10T11:09:41+00:00","dateModified":"2024-04-26T11:45:46+00:00","description":"Vous vendez des produits fum\u00e9s? Avez-vous besoin d'un fumoir \u00e0 utiliser dans votre magasin ou votre supermarch\u00e9 ? D\u00e9couvrez notre mod\u00e8le de fumoir MV50 ?","breadcrumb":{"@id":"https:\/\/www.smokehouses.eu\/fr\/fumoir-de-magasin-mv50\/#breadcrumb"},"inLanguage":"fr-FR","potentialAction":[{"@type":"ReadAction","target":["https:\/\/www.smokehouses.eu\/fr\/fumoir-de-magasin-mv50\/"]}]},{"@type":"ImageObject","inLanguage":"fr-FR","@id":"https:\/\/www.smokehouses.eu\/fr\/fumoir-de-magasin-mv50\/#primaryimage","url":"https:\/\/www.smokehouses.eu\/wp-content\/uploads\/2022\/08\/wedzarnia-sklepowa-mv50-1.png","contentUrl":"https:\/\/www.smokehouses.eu\/wp-content\/uploads\/2022\/08\/wedzarnia-sklepowa-mv50-1.png","width":600,"height":600,"caption":"wedzarnia sklepowa mv50"},{"@type":"BreadcrumbList","@id":"https:\/\/www.smokehouses.eu\/fr\/fumoir-de-magasin-mv50\/#breadcrumb","itemListElement":[{"@type":"ListItem","position":1,"name":"Strona g\u0142\u00f3wna","item":"https:\/\/www.smokehouses.eu\/fr\/"},{"@type":"ListItem","position":2,"name":"Boutique","item":"https:\/\/www.smokehouses.eu\/fr\/?page_id=6449"},{"@type":"ListItem","position":3,"name":"MV50 &#8211; fumoir de magasin"}]},{"@type":"WebSite","@id":"https:\/\/www.smokehouses.eu\/fr\/#website","url":"https:\/\/www.smokehouses.eu\/fr\/","name":"W\u0119dzarnie elektryczne - GROS Jerzy Grobarek","description":"Maszyny masarnicze, Piece, W\u0119dzarnie","publisher":{"@id":"https:\/\/www.smokehouses.eu\/fr\/#organization"},"potentialAction":[{"@type":"SearchAction","target":{"@type":"EntryPoint","urlTemplate":"https:\/\/www.smokehouses.eu\/fr\/?s={search_term_string}"},"query-input":{"@type":"PropertyValueSpecification","valueRequired":true,"valueName":"search_term_string"}}],"inLanguage":"fr-FR"},{"@type":"Organization","@id":"https:\/\/www.smokehouses.eu\/fr\/#organization","name":"W\u0119dzarnie elektryczne - GROS Jerzy Grobarek","url":"https:\/\/www.smokehouses.eu\/fr\/","logo":{"@type":"ImageObject","inLanguage":"fr-FR","@id":"https:\/\/www.smokehouses.eu\/fr\/#\/schema\/logo\/image\/","url":"https:\/\/www.smokehouses.eu\/wp-content\/uploads\/2018\/07\/logo.png","contentUrl":"https:\/\/www.smokehouses.eu\/wp-content\/uploads\/2018\/07\/logo.png","width":166,"height":70,"caption":"W\u0119dzarnie elektryczne - GROS Jerzy Grobarek"},"image":{"@id":"https:\/\/www.smokehouses.eu\/fr\/#\/schema\/logo\/image\/"}}]}},"_links":{"self":[{"href":"https:\/\/www.smokehouses.eu\/fr\/wp-json\/wp\/v2\/product\/6468","targetHints":{"allow":["GET"]}}],"collection":[{"href":"https:\/\/www.smokehouses.eu\/fr\/wp-json\/wp\/v2\/product"}],"about":[{"href":"https:\/\/www.smokehouses.eu\/fr\/wp-json\/wp\/v2\/types\/product"}],"wp:featuredmedia":[{"embeddable":true,"href":"https:\/\/www.smokehouses.eu\/fr\/wp-json\/wp\/v2\/media\/6421"}],"wp:attachment":[{"href":"https:\/\/www.smokehouses.eu\/fr\/wp-json\/wp\/v2\/media?parent=6468"}],"wp:term":[{"taxonomy":"product_brand","embeddable":true,"href":"https:\/\/www.smokehouses.eu\/fr\/wp-json\/wp\/v2\/product_brand?post=6468"},{"taxonomy":"product_cat","embeddable":true,"href":"https:\/\/www.smokehouses.eu\/fr\/wp-json\/wp\/v2\/product_cat?post=6468"},{"taxonomy":"product_tag","embeddable":true,"href":"https:\/\/www.smokehouses.eu\/fr\/wp-json\/wp\/v2\/product_tag?post=6468"}],"curies":[{"name":"wp","href":"https:\/\/api.w.org\/{rel}","templated":true}]}}