{"id":6438,"date":"2015-02-25T14:48:21","date_gmt":"2015-02-25T14:48:21","guid":{"rendered":"http:\/\/www.smokehouses.eu\/la-description\/"},"modified":"2023-01-23T11:53:57","modified_gmt":"2023-01-23T11:53:57","slug":"la-description","status":"publish","type":"page","link":"https:\/\/www.smokehouses.eu\/fr\/la-description\/","title":{"rendered":"LA DESCRIPTION"},"content":{"rendered":"","protected":false},"excerpt":{"rendered":"","protected":false},"author":1,"featured_media":0,"parent":0,"menu_order":0,"comment_status":"open","ping_status":"open","template":"","meta":{"footnotes":""},"class_list":["post-6438","page","type-page","status-publish","hentry"],"yoast_head":"<!-- This site is optimized with the Yoast SEO plugin v26.1.1 - https:\/\/yoast.com\/wordpress\/plugins\/seo\/ -->\n<title>\u00c0 propos de l&#039;entreprise | Conception, r\u00e9alisation | Gros<\/title>\n<meta name=\"description\" content=\"Nous concevons, fabriquons et vendons des \u00e9quipements pour le fumage, le brassage et la boulangerie. Consultez notre offre!\" \/>\n<meta name=\"robots\" content=\"index, follow, max-snippet:-1, max-image-preview:large, max-video-preview:-1\" \/>\n<link rel=\"canonical\" href=\"https:\/\/www.smokehouses.eu\/fr\/la-description\/\" \/>\n<meta property=\"og:locale\" content=\"fr_FR\" \/>\n<meta property=\"og:type\" content=\"article\" \/>\n<meta property=\"og:title\" content=\"\u00c0 propos de l&#039;entreprise | Conception, r\u00e9alisation | Gros\" \/>\n<meta property=\"og:description\" content=\"Nous concevons, fabriquons et vendons des \u00e9quipements pour le fumage, le brassage et la boulangerie. Consultez notre offre!\" \/>\n<meta property=\"og:url\" content=\"https:\/\/www.smokehouses.eu\/fr\/la-description\/\" \/>\n<meta property=\"og:site_name\" content=\"GROS JERZY GROBAREK\" \/>\n<meta property=\"article:modified_time\" content=\"2023-01-23T11:53:57+00:00\" \/>\n<meta property=\"og:image\" content=\"https:\/\/www.smokehouses.eu\/wp-content\/uploads\/2018\/09\/mv50km.png\" \/>\n\t<meta property=\"og:image:width\" content=\"215\" \/>\n\t<meta property=\"og:image:height\" content=\"300\" \/>\n\t<meta property=\"og:image:type\" content=\"image\/png\" \/>\n<meta name=\"twitter:card\" content=\"summary_large_image\" \/>\n<script type=\"application\/ld+json\" class=\"yoast-schema-graph\">{\"@context\":\"https:\/\/schema.org\",\"@graph\":[{\"@type\":\"WebPage\",\"@id\":\"https:\/\/www.smokehouses.eu\/fr\/la-description\/\",\"url\":\"https:\/\/www.smokehouses.eu\/fr\/la-description\/\",\"name\":\"\u00c0 propos de l'entreprise | Conception, r\u00e9alisation | Gros\",\"isPartOf\":{\"@id\":\"https:\/\/www.smokehouses.eu\/fr\/#website\"},\"datePublished\":\"2015-02-25T14:48:21+00:00\",\"dateModified\":\"2023-01-23T11:53:57+00:00\",\"description\":\"Nous concevons, fabriquons et vendons des \u00e9quipements pour le fumage, le brassage et la boulangerie. Consultez notre offre!\",\"breadcrumb\":{\"@id\":\"https:\/\/www.smokehouses.eu\/fr\/la-description\/#breadcrumb\"},\"inLanguage\":\"fr-FR\",\"potentialAction\":[{\"@type\":\"ReadAction\",\"target\":[\"https:\/\/www.smokehouses.eu\/fr\/la-description\/\"]}]},{\"@type\":\"BreadcrumbList\",\"@id\":\"https:\/\/www.smokehouses.eu\/fr\/la-description\/#breadcrumb\",\"itemListElement\":[{\"@type\":\"ListItem\",\"position\":1,\"name\":\"Strona g\u0142\u00f3wna\",\"item\":\"https:\/\/www.smokehouses.eu\/fr\/\"},{\"@type\":\"ListItem\",\"position\":2,\"name\":\"LA DESCRIPTION\"}]},{\"@type\":\"WebSite\",\"@id\":\"https:\/\/www.smokehouses.eu\/fr\/#website\",\"url\":\"https:\/\/www.smokehouses.eu\/fr\/\",\"name\":\"W\u0119dzarnie elektryczne - GROS Jerzy Grobarek\",\"description\":\"Maszyny masarnicze, Piece, W\u0119dzarnie\",\"publisher\":{\"@id\":\"https:\/\/www.smokehouses.eu\/fr\/#organization\"},\"potentialAction\":[{\"@type\":\"SearchAction\",\"target\":{\"@type\":\"EntryPoint\",\"urlTemplate\":\"https:\/\/www.smokehouses.eu\/fr\/?s={search_term_string}\"},\"query-input\":{\"@type\":\"PropertyValueSpecification\",\"valueRequired\":true,\"valueName\":\"search_term_string\"}}],\"inLanguage\":\"fr-FR\"},{\"@type\":\"Organization\",\"@id\":\"https:\/\/www.smokehouses.eu\/fr\/#organization\",\"name\":\"W\u0119dzarnie elektryczne - GROS Jerzy Grobarek\",\"url\":\"https:\/\/www.smokehouses.eu\/fr\/\",\"logo\":{\"@type\":\"ImageObject\",\"inLanguage\":\"fr-FR\",\"@id\":\"https:\/\/www.smokehouses.eu\/fr\/#\/schema\/logo\/image\/\",\"url\":\"https:\/\/www.smokehouses.eu\/wp-content\/uploads\/2018\/07\/logo.png\",\"contentUrl\":\"https:\/\/www.smokehouses.eu\/wp-content\/uploads\/2018\/07\/logo.png\",\"width\":166,\"height\":70,\"caption\":\"W\u0119dzarnie elektryczne - GROS Jerzy Grobarek\"},\"image\":{\"@id\":\"https:\/\/www.smokehouses.eu\/fr\/#\/schema\/logo\/image\/\"}}]}<\/script>\n<!-- \/ Yoast SEO plugin. -->","yoast_head_json":{"title":"\u00c0 propos de l'entreprise | Conception, r\u00e9alisation | Gros","description":"Nous concevons, fabriquons et vendons des \u00e9quipements pour le fumage, le brassage et la boulangerie. Consultez notre offre!","robots":{"index":"index","follow":"follow","max-snippet":"max-snippet:-1","max-image-preview":"max-image-preview:large","max-video-preview":"max-video-preview:-1"},"canonical":"https:\/\/www.smokehouses.eu\/fr\/la-description\/","og_locale":"fr_FR","og_type":"article","og_title":"\u00c0 propos de l'entreprise | Conception, r\u00e9alisation | Gros","og_description":"Nous concevons, fabriquons et vendons des \u00e9quipements pour le fumage, le brassage et la boulangerie. Consultez notre offre!","og_url":"https:\/\/www.smokehouses.eu\/fr\/la-description\/","og_site_name":"GROS JERZY GROBAREK","article_modified_time":"2023-01-23T11:53:57+00:00","og_image":[{"width":215,"height":300,"url":"https:\/\/www.smokehouses.eu\/wp-content\/uploads\/2018\/09\/mv50km.png","type":"image\/png"}],"twitter_card":"summary_large_image","schema":{"@context":"https:\/\/schema.org","@graph":[{"@type":"WebPage","@id":"https:\/\/www.smokehouses.eu\/fr\/la-description\/","url":"https:\/\/www.smokehouses.eu\/fr\/la-description\/","name":"\u00c0 propos de l'entreprise | Conception, r\u00e9alisation | Gros","isPartOf":{"@id":"https:\/\/www.smokehouses.eu\/fr\/#website"},"datePublished":"2015-02-25T14:48:21+00:00","dateModified":"2023-01-23T11:53:57+00:00","description":"Nous concevons, fabriquons et vendons des \u00e9quipements pour le fumage, le brassage et la boulangerie. Consultez notre offre!","breadcrumb":{"@id":"https:\/\/www.smokehouses.eu\/fr\/la-description\/#breadcrumb"},"inLanguage":"fr-FR","potentialAction":[{"@type":"ReadAction","target":["https:\/\/www.smokehouses.eu\/fr\/la-description\/"]}]},{"@type":"BreadcrumbList","@id":"https:\/\/www.smokehouses.eu\/fr\/la-description\/#breadcrumb","itemListElement":[{"@type":"ListItem","position":1,"name":"Strona g\u0142\u00f3wna","item":"https:\/\/www.smokehouses.eu\/fr\/"},{"@type":"ListItem","position":2,"name":"LA DESCRIPTION"}]},{"@type":"WebSite","@id":"https:\/\/www.smokehouses.eu\/fr\/#website","url":"https:\/\/www.smokehouses.eu\/fr\/","name":"W\u0119dzarnie elektryczne - GROS Jerzy Grobarek","description":"Maszyny masarnicze, Piece, W\u0119dzarnie","publisher":{"@id":"https:\/\/www.smokehouses.eu\/fr\/#organization"},"potentialAction":[{"@type":"SearchAction","target":{"@type":"EntryPoint","urlTemplate":"https:\/\/www.smokehouses.eu\/fr\/?s={search_term_string}"},"query-input":{"@type":"PropertyValueSpecification","valueRequired":true,"valueName":"search_term_string"}}],"inLanguage":"fr-FR"},{"@type":"Organization","@id":"https:\/\/www.smokehouses.eu\/fr\/#organization","name":"W\u0119dzarnie elektryczne - GROS Jerzy Grobarek","url":"https:\/\/www.smokehouses.eu\/fr\/","logo":{"@type":"ImageObject","inLanguage":"fr-FR","@id":"https:\/\/www.smokehouses.eu\/fr\/#\/schema\/logo\/image\/","url":"https:\/\/www.smokehouses.eu\/wp-content\/uploads\/2018\/07\/logo.png","contentUrl":"https:\/\/www.smokehouses.eu\/wp-content\/uploads\/2018\/07\/logo.png","width":166,"height":70,"caption":"W\u0119dzarnie elektryczne - GROS Jerzy Grobarek"},"image":{"@id":"https:\/\/www.smokehouses.eu\/fr\/#\/schema\/logo\/image\/"}}]}},"_links":{"self":[{"href":"https:\/\/www.smokehouses.eu\/fr\/wp-json\/wp\/v2\/pages\/6438","targetHints":{"allow":["GET"]}}],"collection":[{"href":"https:\/\/www.smokehouses.eu\/fr\/wp-json\/wp\/v2\/pages"}],"about":[{"href":"https:\/\/www.smokehouses.eu\/fr\/wp-json\/wp\/v2\/types\/page"}],"author":[{"embeddable":true,"href":"https:\/\/www.smokehouses.eu\/fr\/wp-json\/wp\/v2\/users\/1"}],"replies":[{"embeddable":true,"href":"https:\/\/www.smokehouses.eu\/fr\/wp-json\/wp\/v2\/comments?post=6438"}],"version-history":[{"count":1,"href":"https:\/\/www.smokehouses.eu\/fr\/wp-json\/wp\/v2\/pages\/6438\/revisions"}],"predecessor-version":[{"id":6513,"href":"https:\/\/www.smokehouses.eu\/fr\/wp-json\/wp\/v2\/pages\/6438\/revisions\/6513"}],"wp:attachment":[{"href":"https:\/\/www.smokehouses.eu\/fr\/wp-json\/wp\/v2\/media?parent=6438"}],"curies":[{"name":"wp","href":"https:\/\/api.w.org\/{rel}","templated":true}]}}